{"id":889,"date":"2016-06-29T06:20:04","date_gmt":"2016-06-29T06:20:04","guid":{"rendered":"http:\/\/bonamb.com\/en\/?page_id=889"},"modified":"2016-10-14T10:01:02","modified_gmt":"2016-10-14T10:01:02","slug":"the-bodega","status":"publish","type":"page","link":"https:\/\/bonamb.com\/en\/the-bodega\/","title":{"rendered":"The Bodega"},"content":{"rendered":"<div class=\"fusion-fullwidth fullwidth-box fusion-builder-row-1 hundred-percent-fullwidth non-hundred-percent-height-scrolling\" style=\"--awb-border-radius-top-left:0px;--awb-border-radius-top-right:0px;--awb-border-radius-bottom-right:0px;--awb-border-radius-bottom-left:0px;--awb-overflow:visible;--awb-padding-right:0px;--awb-padding-left:0px;--awb-flex-wrap:wrap;\" ><div class=\"fusion-builder-row fusion-row\"><div class=\"fusion-layout-column fusion_builder_column fusion-builder-column-0 fusion_builder_column_1_1 1_1 fusion-one-full fusion-column-first fusion-column-last\" style=\"--awb-bg-size:cover;\"><div class=\"fusion-column-wrapper fusion-flex-column-wrapper-legacy\"><div class=\"fusion-image-element in-legacy-container\" style=\"--awb-caption-title-font-family:var(--h2_typography-font-family);--awb-caption-title-font-weight:var(--h2_typography-font-weight);--awb-caption-title-font-style:var(--h2_typography-font-style);--awb-caption-title-size:var(--h2_typography-font-size);--awb-caption-title-transform:var(--h2_typography-text-transform);--awb-caption-title-line-height:var(--h2_typography-line-height);--awb-caption-title-letter-spacing:var(--h2_typography-letter-spacing);\"><span class=\" fusion-imageframe imageframe-none imageframe-1 hover-type-none\"><img decoding=\"async\" width=\"2048\" height=\"779\" title=\"Vinos1\" src=\"https:\/\/bonamb.com\/wp-content\/uploads\/2016\/06\/Vinos1.jpg\" alt class=\"img-responsive wp-image-2170\" srcset=\"https:\/\/bonamb.com\/wp-content\/uploads\/2016\/06\/Vinos1-200x76.jpg 200w, https:\/\/bonamb.com\/wp-content\/uploads\/2016\/06\/Vinos1-400x152.jpg 400w, https:\/\/bonamb.com\/wp-content\/uploads\/2016\/06\/Vinos1-600x228.jpg 600w, https:\/\/bonamb.com\/wp-content\/uploads\/2016\/06\/Vinos1-800x304.jpg 800w, https:\/\/bonamb.com\/wp-content\/uploads\/2016\/06\/Vinos1-1200x456.jpg 1200w, https:\/\/bonamb.com\/wp-content\/uploads\/2016\/06\/Vinos1.jpg 2048w\" sizes=\"(max-width: 800px) 100vw, 2048px\" \/><\/span><\/div><div class=\"fusion-clearfix\"><\/div><\/div><\/div><div class=\"fusion-layout-column fusion_builder_column fusion-builder-column-1 fusion_builder_column_1_1 1_1 fusion-one-full fusion-column-first fusion-column-last\" style=\"--awb-padding-top:50px;--awb-padding-right:50px;--awb-padding-bottom:50px;--awb-padding-left:50px;--awb-bg-size:cover;--awb-margin-bottom:0px;\"><div class=\"fusion-column-wrapper fusion-flex-column-wrapper-legacy\"><div class=\"fusion-text fusion-text-1\"><p>Since the opening of our restaurant, we have strived to let our customers enjoy the dishes that we serve, as well as the wines that accompany them.<\/p>\n<\/div><div class=\"fusion-clearfix\"><\/div><\/div><\/div><div class=\"fusion-layout-column fusion_builder_column fusion-builder-column-2 fusion_builder_column_1_1 1_1 fusion-one-full fusion-column-first fusion-column-last\" style=\"--awb-bg-size:cover;\"><div class=\"fusion-column-wrapper fusion-flex-column-wrapper-legacy\"><div class=\"fusion-image-element in-legacy-container\" style=\"--awb-caption-title-font-family:var(--h2_typography-font-family);--awb-caption-title-font-weight:var(--h2_typography-font-weight);--awb-caption-title-font-style:var(--h2_typography-font-style);--awb-caption-title-size:var(--h2_typography-font-size);--awb-caption-title-transform:var(--h2_typography-text-transform);--awb-caption-title-line-height:var(--h2_typography-line-height);--awb-caption-title-letter-spacing:var(--h2_typography-letter-spacing);\"><span class=\" fusion-imageframe imageframe-none imageframe-2 hover-type-none\"><img decoding=\"async\" width=\"2025\" height=\"842\" title=\"Vinos2\" src=\"https:\/\/bonamb.com\/wp-content\/uploads\/2016\/06\/Vinos2.jpg\" alt class=\"img-responsive wp-image-2172\" srcset=\"https:\/\/bonamb.com\/wp-content\/uploads\/2016\/06\/Vinos2-200x83.jpg 200w, https:\/\/bonamb.com\/wp-content\/uploads\/2016\/06\/Vinos2-400x166.jpg 400w, https:\/\/bonamb.com\/wp-content\/uploads\/2016\/06\/Vinos2-600x249.jpg 600w, https:\/\/bonamb.com\/wp-content\/uploads\/2016\/06\/Vinos2-800x333.jpg 800w, https:\/\/bonamb.com\/wp-content\/uploads\/2016\/06\/Vinos2-1200x499.jpg 1200w, https:\/\/bonamb.com\/wp-content\/uploads\/2016\/06\/Vinos2.jpg 2025w\" sizes=\"(max-width: 800px) 100vw, 2025px\" \/><\/span><\/div><div class=\"fusion-clearfix\"><\/div><\/div><\/div><div class=\"fusion-layout-column fusion_builder_column fusion-builder-column-3 fusion_builder_column_1_1 1_1 fusion-one-full fusion-column-first fusion-column-last\" style=\"--awb-padding-top:50px;--awb-padding-right:50px;--awb-padding-bottom:50px;--awb-padding-left:50px;--awb-bg-size:cover;--awb-margin-bottom:0px;\"><div class=\"fusion-column-wrapper fusion-flex-column-wrapper-legacy\"><div class=\"fusion-text fusion-text-2\"><p>During the journey we made as a restaurant, we have tried to let our guests get acquainted with wine of the region, as well as with wine of national and international importance. In this we especially emphasize on two aspects: on one hand our region and on the other hand the food it produces. We are fully aware of the impact a wine has on a dish and we think it of paramount importance that these elements are seamlessly integrated and preferably, reinforce one another.<\/p>\n<p>That is why we have created for you a list with beautiful wines which in themselves already are a true joy, but also perfectly connect the wines with our menus&#8230;. We hope you will enjoy it!<\/p>\n<\/div><div class=\"fusion-clearfix\"><\/div><\/div><\/div><div class=\"fusion-layout-column fusion_builder_column fusion-builder-column-4 fusion_builder_column_1_2 1_2 fusion-one-half fusion-column-first\" style=\"--awb-padding-top:50px;--awb-padding-right:50px;--awb-padding-bottom:50px;--awb-padding-left:50px;--awb-bg-size:cover;--awb-margin-top:250px;--awb-margin-bottom:0px;\"><div class=\"fusion-column-wrapper fusion-flex-column-wrapper-legacy\"><div class=\"fusion-text fusion-text-3\"><p><strong>Enrique Garc\u00eda Albelda<br \/>\n<\/strong>Our\u00a0sommelier<\/p>\n<p>Enrique Garcia Albelda was born in the seventies, also a great wine flourishing period that would mark his future passion for wine.<\/p>\n<p>Enrique was formed as Sommelier in 1991 at the I.N.F.A.T.H (National Institute for Training of Tourist Activities and Hotels), a title which gained even more value with the Sommelier Course by C.D.T., to settle later as International Sommelier at the Higher Hospitality School of Barcelona.<\/p>\n<p>As Ma\u00eetre \/ Sommelier, throughout his extensive career he has worked and gained experience in the best restaurants and hotels like the Swiss Hotel, Villa Mediterr\u00e1nea, Ca Pepe, Club N\u00e1utico Moraira, Castell de La Solana, El Pegol\u00ed, etc&#8230;<\/p>\n<\/div><div class=\"fusion-clearfix\"><\/div><\/div><\/div><div class=\"fusion-layout-column fusion_builder_column fusion-builder-column-5 fusion_builder_column_1_2 1_2 fusion-one-half fusion-column-last\" style=\"--awb-bg-size:cover;--awb-margin-bottom:0px;\"><div class=\"fusion-column-wrapper fusion-flex-column-wrapper-legacy\"><div class=\"fusion-image-element in-legacy-container\" style=\"--awb-caption-title-font-family:var(--h2_typography-font-family);--awb-caption-title-font-weight:var(--h2_typography-font-weight);--awb-caption-title-font-style:var(--h2_typography-font-style);--awb-caption-title-size:var(--h2_typography-font-size);--awb-caption-title-transform:var(--h2_typography-text-transform);--awb-caption-title-line-height:var(--h2_typography-line-height);--awb-caption-title-letter-spacing:var(--h2_typography-letter-spacing);\"><span class=\" fusion-imageframe imageframe-none imageframe-3 hover-type-none\"><img decoding=\"async\" width=\"981\" height=\"1252\" title=\"Enrique\" src=\"https:\/\/bonamb.com\/wp-content\/uploads\/2016\/06\/Enrique.jpg\" alt class=\"img-responsive wp-image-2168\" srcset=\"https:\/\/bonamb.com\/wp-content\/uploads\/2016\/06\/Enrique-200x255.jpg 200w, https:\/\/bonamb.com\/wp-content\/uploads\/2016\/06\/Enrique-400x510.jpg 400w, https:\/\/bonamb.com\/wp-content\/uploads\/2016\/06\/Enrique-600x766.jpg 600w, https:\/\/bonamb.com\/wp-content\/uploads\/2016\/06\/Enrique-800x1021.jpg 800w, https:\/\/bonamb.com\/wp-content\/uploads\/2016\/06\/Enrique.jpg 981w\" sizes=\"(max-width: 800px) 100vw, 800px\" \/><\/span><\/div><div class=\"fusion-clearfix\"><\/div><\/div><\/div><div class=\"fusion-layout-column fusion_builder_column fusion-builder-column-6 fusion_builder_column_1_2 1_2 fusion-one-half fusion-column-first\" style=\"--awb-bg-size:cover;--awb-margin-bottom:0px;\"><div class=\"fusion-column-wrapper fusion-flex-column-wrapper-legacy\"><div class=\"fusion-image-element in-legacy-container\" style=\"--awb-caption-title-font-family:var(--h2_typography-font-family);--awb-caption-title-font-weight:var(--h2_typography-font-weight);--awb-caption-title-font-style:var(--h2_typography-font-style);--awb-caption-title-size:var(--h2_typography-font-size);--awb-caption-title-transform:var(--h2_typography-text-transform);--awb-caption-title-line-height:var(--h2_typography-line-height);--awb-caption-title-letter-spacing:var(--h2_typography-letter-spacing);\"><span class=\" fusion-imageframe imageframe-none imageframe-4 hover-type-none\"><img decoding=\"async\" width=\"929\" height=\"980\" title=\"Vinos3\" src=\"https:\/\/bonamb.com\/wp-content\/uploads\/2016\/06\/Vinos3.jpg\" alt class=\"img-responsive wp-image-2166\" srcset=\"https:\/\/bonamb.com\/wp-content\/uploads\/2016\/06\/Vinos3-200x211.jpg 200w, https:\/\/bonamb.com\/wp-content\/uploads\/2016\/06\/Vinos3-400x422.jpg 400w, https:\/\/bonamb.com\/wp-content\/uploads\/2016\/06\/Vinos3-600x633.jpg 600w, https:\/\/bonamb.com\/wp-content\/uploads\/2016\/06\/Vinos3-800x844.jpg 800w, https:\/\/bonamb.com\/wp-content\/uploads\/2016\/06\/Vinos3.jpg 929w\" sizes=\"(max-width: 800px) 100vw, 800px\" \/><\/span><\/div><div class=\"fusion-clearfix\"><\/div><\/div><\/div><div class=\"fusion-layout-column fusion_builder_column fusion-builder-column-7 fusion_builder_column_1_2 1_2 fusion-one-half fusion-column-last\" style=\"--awb-padding-top:50px;--awb-padding-right:50px;--awb-padding-bottom:50px;--awb-padding-left:50px;--awb-bg-size:cover;--awb-margin-top:250px;--awb-margin-bottom:0px;\"><div class=\"fusion-column-wrapper fusion-flex-column-wrapper-legacy\"><div class=\"fusion-text fusion-text-4\"><p>He has been a frequent jury member and speaker at various events related to hospitality, was the inspirer of professional wine courses and is vice director of elsumiller.com, the online magazine specialised in the Spanish wines.<\/p>\n<p>He has written \u201cUna Comunidad en la Copa\u201d (Community in the glass) and is co-author of various yearbooks and gastronomic publications.<\/p>\n<p>Enrique lives to identify and name the aromas and flavours in a glass, and joined the team of BonAmb Restaurant with the desire to take our guests to and let them enjoy from the magical world of the wine.<\/p>\n<\/div><div class=\"fusion-clearfix\"><\/div><\/div><\/div><\/div><\/div>\n","protected":false},"excerpt":{"rendered":"","protected":false},"author":1,"featured_media":0,"parent":0,"menu_order":0,"comment_status":"closed","ping_status":"closed","template":"100-width.php","meta":{"footnotes":""},"class_list":["post-889","page","type-page","status-publish","hentry"],"_links":{"self":[{"href":"https:\/\/bonamb.com\/en\/wp-json\/wp\/v2\/pages\/889","targetHints":{"allow":["GET"]}}],"collection":[{"href":"https:\/\/bonamb.com\/en\/wp-json\/wp\/v2\/pages"}],"about":[{"href":"https:\/\/bonamb.com\/en\/wp-json\/wp\/v2\/types\/page"}],"author":[{"embeddable":true,"href":"https:\/\/bonamb.com\/en\/wp-json\/wp\/v2\/users\/1"}],"replies":[{"embeddable":true,"href":"https:\/\/bonamb.com\/en\/wp-json\/wp\/v2\/comments?post=889"}],"version-history":[{"count":6,"href":"https:\/\/bonamb.com\/en\/wp-json\/wp\/v2\/pages\/889\/revisions"}],"predecessor-version":[{"id":978,"href":"https:\/\/bonamb.com\/en\/wp-json\/wp\/v2\/pages\/889\/revisions\/978"}],"wp:attachment":[{"href":"https:\/\/bonamb.com\/en\/wp-json\/wp\/v2\/media?parent=889"}],"curies":[{"name":"wp","href":"https:\/\/api.w.org\/{rel}","templated":true}]}}