{"id":314,"date":"2016-02-12T19:17:03","date_gmt":"2016-02-12T19:17:03","guid":{"rendered":"http:\/\/bonamb.com\/nl\/de-kern\/"},"modified":"2017-06-15T09:45:48","modified_gmt":"2017-06-15T09:45:48","slug":"de-kern","status":"publish","type":"page","link":"https:\/\/bonamb.com\/nl\/de-kern\/","title":{"rendered":"De Kern"},"content":{"rendered":"<p><div class=\"fusion-fullwidth fullwidth-box fusion-builder-row-1 hundred-percent-fullwidth non-hundred-percent-height-scrolling\" style=\"--awb-background-position:left top;--awb-border-radius-top-left:0px;--awb-border-radius-top-right:0px;--awb-border-radius-bottom-right:0px;--awb-border-radius-bottom-left:0px;--awb-padding-top:0px;--awb-padding-right:0px;--awb-padding-bottom:20px;--awb-padding-left:0px;--awb-border-sizes-top:0px;--awb-border-sizes-bottom:0px;--awb-flex-wrap:wrap;\" ><div class=\"fusion-builder-row fusion-row\"><div class=\"fusion-layout-column fusion_builder_column fusion-builder-column-0 fusion_builder_column_1_1 1_1 fusion-one-full fusion-column-first fusion-column-last fusion-column-no-min-height\" style=\"--awb-bg-size:cover;--awb-margin-bottom:0px;\"><div class=\"fusion-column-wrapper fusion-flex-column-wrapper-legacy\"><div class=\"fusion-image-element in-legacy-container\" style=\"--awb-caption-title-font-family:var(--h2_typography-font-family);--awb-caption-title-font-weight:var(--h2_typography-font-weight);--awb-caption-title-font-style:var(--h2_typography-font-style);--awb-caption-title-size:var(--h2_typography-font-size);--awb-caption-title-transform:var(--h2_typography-text-transform);--awb-caption-title-line-height:var(--h2_typography-line-height);--awb-caption-title-letter-spacing:var(--h2_typography-letter-spacing);\"><span class=\" fusion-imageframe imageframe-none imageframe-1 hover-type-none\"><img decoding=\"async\" width=\"1920\" height=\"768\" title=\"1.Esencia-BonAmb\" src=\"https:\/\/bonamb.com\/wp-content\/uploads\/2017\/03\/1.Esencia-BonAmb.jpg\" alt class=\"img-responsive wp-image-2231\" srcset=\"https:\/\/bonamb.com\/wp-content\/uploads\/2017\/03\/1.Esencia-BonAmb-200x80.jpg 200w, https:\/\/bonamb.com\/wp-content\/uploads\/2017\/03\/1.Esencia-BonAmb-400x160.jpg 400w, https:\/\/bonamb.com\/wp-content\/uploads\/2017\/03\/1.Esencia-BonAmb-600x240.jpg 600w, https:\/\/bonamb.com\/wp-content\/uploads\/2017\/03\/1.Esencia-BonAmb-800x320.jpg 800w, https:\/\/bonamb.com\/wp-content\/uploads\/2017\/03\/1.Esencia-BonAmb-1200x480.jpg 1200w, https:\/\/bonamb.com\/wp-content\/uploads\/2017\/03\/1.Esencia-BonAmb.jpg 1920w\" sizes=\"(max-width: 800px) 100vw, 1920px\" \/><\/span><\/div><div class=\"fusion-clearfix\"><\/div><\/div><\/div><\/div><\/div><div class=\"fusion-fullwidth fullwidth-box fusion-builder-row-2 hundred-percent-fullwidth non-hundred-percent-height-scrolling\" style=\"--awb-border-radius-top-left:0px;--awb-border-radius-top-right:0px;--awb-border-radius-bottom-right:0px;--awb-border-radius-bottom-left:0px;--awb-padding-top:0px;--awb-padding-right:0px;--awb-padding-bottom:0px;--awb-padding-left:0px;--awb-flex-wrap:wrap;\" ><div class=\"fusion-builder-row fusion-row\"><div class=\"fusion-layout-column fusion_builder_column fusion-builder-column-1 fusion_builder_column_1_1 1_1 fusion-one-full fusion-column-first fusion-column-last\" style=\"--awb-padding-top:40px;--awb-padding-right:40px;--awb-padding-bottom:40px;--awb-padding-left:40px;--awb-bg-size:cover;--awb-margin-bottom:-8px;\"><div class=\"fusion-column-wrapper fusion-flex-column-wrapper-legacy\"><div class=\"fusion-text fusion-text-1\"><p>Onze gerechten halen hun kracht uit vier belangrijke poten: het management van de keuken, het management van de zaal en daarnaast ons hooggekwalificeerde team en de omgeving waarin het restaurant verankerd is.<\/p>\n<p>&nbsp;<\/p>\n<\/div><div class=\"fusion-clearfix\"><\/div><\/div><\/div><\/div><\/div><div class=\"fusion-fullwidth fullwidth-box fusion-builder-row-3 hundred-percent-fullwidth non-hundred-percent-height-scrolling fusion-equal-height-columns\" style=\"--awb-background-position:left top;--awb-border-radius-top-left:0px;--awb-border-radius-top-right:0px;--awb-border-radius-bottom-right:0px;--awb-border-radius-bottom-left:0px;--awb-padding-top:0px;--awb-padding-right:0px;--awb-padding-bottom:0px;--awb-padding-left:0px;--awb-border-sizes-top:0px;--awb-border-sizes-bottom:0px;--awb-flex-wrap:wrap;\" ><div class=\"fusion-builder-row fusion-row\"><div class=\"fusion-layout-column fusion_builder_column fusion-builder-column-2 fusion_builder_column_1_2 1_2 fusion-one-half fusion-column-first fusion-column-no-min-height\" style=\"--awb-padding-top:50px;--awb-padding-right:50px;--awb-padding-bottom:50px;--awb-padding-left:50px;--awb-bg-size:cover;--awb-margin-top:200px;--awb-margin-bottom:0px;width:50%;width:calc(50% - ( ( 0% ) * 0.5 ) );margin-right: 0%;\"><div class=\"fusion-column-wrapper fusion-flex-column-wrapper-legacy\"><div class=\"fusion-text fusion-text-2\"><p>Alberto en Pablo leven met de dagelijkse realiteit van BonAmb en slagen erin zich te laten omringen door de beste mensen in zowel de zaal als in de keuken. Elk teamlid is opgeleid tot specialist in zijn of haar vakgebied om te kunnen excelleren in alles wat we bieden. De sleutel tot het succes ligt in de samenwerking tussen Pablo en Alberto \u00e9n de prima contacten en samenwerking tussen zaal en keuken, welke zich vertaalt naar de rust en ontspanning die onze gasten ervaren.<\/p>\n<\/div><div class=\"fusion-clearfix\"><\/div><\/div><\/div><div class=\"fusion-layout-column fusion_builder_column fusion-builder-column-3 fusion_builder_column_1_2 1_2 fusion-one-half fusion-column-last fusion-column-no-min-height\" style=\"--awb-bg-size:cover;--awb-margin-bottom:0px;width:50%;width:calc(50% - ( ( 0% ) * 0.5 ) );\"><div class=\"fusion-column-wrapper fusion-flex-column-wrapper-legacy\"><div class=\"fusion-image-element in-legacy-container\" style=\"--awb-caption-title-font-family:var(--h2_typography-font-family);--awb-caption-title-font-weight:var(--h2_typography-font-weight);--awb-caption-title-font-style:var(--h2_typography-font-style);--awb-caption-title-size:var(--h2_typography-font-size);--awb-caption-title-transform:var(--h2_typography-text-transform);--awb-caption-title-line-height:var(--h2_typography-line-height);--awb-caption-title-letter-spacing:var(--h2_typography-letter-spacing);\"><span class=\" fusion-imageframe imageframe-none imageframe-2 hover-type-none\"><img decoding=\"async\" width=\"960\" height=\"960\" title=\"2.Esencia-BonAmb\" src=\"https:\/\/bonamb.com\/wp-content\/uploads\/2017\/03\/2.Esencia-BonAmb.jpg\" alt class=\"img-responsive wp-image-2221\" srcset=\"https:\/\/bonamb.com\/wp-content\/uploads\/2017\/03\/2.Esencia-BonAmb-200x200.jpg 200w, https:\/\/bonamb.com\/wp-content\/uploads\/2017\/03\/2.Esencia-BonAmb-400x400.jpg 400w, https:\/\/bonamb.com\/wp-content\/uploads\/2017\/03\/2.Esencia-BonAmb-600x600.jpg 600w, https:\/\/bonamb.com\/wp-content\/uploads\/2017\/03\/2.Esencia-BonAmb-800x800.jpg 800w, https:\/\/bonamb.com\/wp-content\/uploads\/2017\/03\/2.Esencia-BonAmb.jpg 960w\" sizes=\"(max-width: 800px) 100vw, 800px\" \/><\/span><\/div><div class=\"fusion-clearfix\"><\/div><\/div><\/div><\/div><\/div><div class=\"fusion-fullwidth fullwidth-box fusion-builder-row-4 hundred-percent-fullwidth non-hundred-percent-height-scrolling fusion-equal-height-columns\" style=\"--awb-background-position:left top;--awb-border-radius-top-left:0px;--awb-border-radius-top-right:0px;--awb-border-radius-bottom-right:0px;--awb-border-radius-bottom-left:0px;--awb-padding-top:0px;--awb-padding-right:0px;--awb-padding-bottom:0px;--awb-padding-left:0px;--awb-border-sizes-top:0px;--awb-border-sizes-bottom:0px;--awb-flex-wrap:wrap;\" ><div class=\"fusion-builder-row fusion-row\"><div class=\"fusion-layout-column fusion_builder_column fusion-builder-column-4 fusion_builder_column_1_2 1_2 fusion-one-half fusion-column-first fusion-column-no-min-height\" style=\"--awb-bg-size:cover;--awb-margin-bottom:0px;width:50%;width:calc(50% - ( ( 0% ) * 0.5 ) );margin-right: 0%;\"><div class=\"fusion-column-wrapper fusion-flex-column-wrapper-legacy\"><div class=\"fusion-image-element in-legacy-container\" style=\"--awb-caption-title-font-family:var(--h2_typography-font-family);--awb-caption-title-font-weight:var(--h2_typography-font-weight);--awb-caption-title-font-style:var(--h2_typography-font-style);--awb-caption-title-size:var(--h2_typography-font-size);--awb-caption-title-transform:var(--h2_typography-text-transform);--awb-caption-title-line-height:var(--h2_typography-line-height);--awb-caption-title-letter-spacing:var(--h2_typography-letter-spacing);\"><span class=\" fusion-imageframe imageframe-none imageframe-3 hover-type-none\"><img decoding=\"async\" width=\"960\" height=\"960\" title=\"3.Esencia-BonAmb\" src=\"https:\/\/bonamb.com\/wp-content\/uploads\/2017\/03\/3.Esencia-BonAmb.jpg\" alt class=\"img-responsive wp-image-2223\" srcset=\"https:\/\/bonamb.com\/wp-content\/uploads\/2017\/03\/3.Esencia-BonAmb-200x200.jpg 200w, https:\/\/bonamb.com\/wp-content\/uploads\/2017\/03\/3.Esencia-BonAmb-400x400.jpg 400w, https:\/\/bonamb.com\/wp-content\/uploads\/2017\/03\/3.Esencia-BonAmb-600x600.jpg 600w, https:\/\/bonamb.com\/wp-content\/uploads\/2017\/03\/3.Esencia-BonAmb-800x800.jpg 800w, https:\/\/bonamb.com\/wp-content\/uploads\/2017\/03\/3.Esencia-BonAmb.jpg 960w\" sizes=\"(max-width: 800px) 100vw, 800px\" \/><\/span><\/div><div class=\"fusion-clearfix\"><\/div><\/div><\/div><div class=\"fusion-layout-column fusion_builder_column fusion-builder-column-5 fusion_builder_column_1_2 1_2 fusion-one-half fusion-column-last fusion-column-no-min-height\" style=\"--awb-padding-top:50px;--awb-padding-right:50px;--awb-padding-bottom:50px;--awb-padding-left:50px;--awb-bg-size:cover;--awb-margin-top:200px;--awb-margin-bottom:0px;width:50%;width:calc(50% - ( ( 0% ) * 0.5 ) );\"><div class=\"fusion-column-wrapper fusion-flex-column-wrapper-legacy\"><div class=\"fusion-text fusion-text-3\"><p>Het hele team deelt dezelfde filosofie en waarden met betrekking tot voortdurende groei en ontwikkeling in het ritme wat wordt bepaald door het restaurant en haar gasten. Het betreft het plaveien van een weg waarop allen die deze bewandelen kunnen genieten van de passie genaamd gastronomie. Daarom zoeken we altijd medewerkers, die zich verder willen ontwikkelen op hun vakgebied en in hun passie voor wat ze doen. Dientengevolge werken we graag samen met verschillende hotelscholen uit onze regio met als tweeledig doel om jongeren te vinden die van ons willen leren \u00e9n om als restaurant te blijven evolueren met wat de leerlingen op hun beurt \u00f3ns kunnen bijbrengen.<\/p>\n<\/div><div class=\"fusion-clearfix\"><\/div><\/div><\/div><\/div><\/div><div class=\"fusion-fullwidth fullwidth-box fusion-builder-row-5 hundred-percent-fullwidth non-hundred-percent-height-scrolling fusion-equal-height-columns\" style=\"--awb-background-position:left top;--awb-border-radius-top-left:0px;--awb-border-radius-top-right:0px;--awb-border-radius-bottom-right:0px;--awb-border-radius-bottom-left:0px;--awb-padding-top:0px;--awb-padding-right:0px;--awb-padding-bottom:0px;--awb-padding-left:0px;--awb-border-sizes-top:0px;--awb-border-sizes-bottom:0px;--awb-flex-wrap:wrap;\" ><div class=\"fusion-builder-row fusion-row\"><div class=\"fusion-layout-column fusion_builder_column fusion-builder-column-6 fusion_builder_column_1_2 1_2 fusion-one-half fusion-column-first fusion-column-no-min-height\" style=\"--awb-padding-top:50px;--awb-padding-right:50px;--awb-padding-bottom:50px;--awb-padding-left:50px;--awb-bg-size:cover;--awb-margin-top:200px;--awb-margin-bottom:0px;width:50%;width:calc(50% - ( ( 0% ) * 0.5 ) );margin-right: 0%;\"><div class=\"fusion-column-wrapper fusion-flex-column-wrapper-legacy\"><div class=\"fusion-text fusion-text-4\"><p>Tenslotte vormt de omgeving waarin we ons bevinden de vierde fundamentele factor voor het restaurant en het sluitstuk om onze gasten een aangename gastronomische ervaring te bieden. Restaurant BonAmb is gesitueerd op een droomlocatie, welke onze manier van kijken naar gastronomie be\u00efnvloedt, net zoals het de oorspronkelijke bevolking van oudsher heeft be\u00efnvloed.<\/p>\n<\/div><div class=\"fusion-clearfix\"><\/div><\/div><\/div><div class=\"fusion-layout-column fusion_builder_column fusion-builder-column-7 fusion_builder_column_1_2 1_2 fusion-one-half fusion-column-last fusion-column-no-min-height\" style=\"--awb-bg-size:cover;--awb-margin-bottom:0px;width:50%;width:calc(50% - ( ( 0% ) * 0.5 ) );\"><div class=\"fusion-column-wrapper fusion-flex-column-wrapper-legacy\"><div class=\"fusion-image-element in-legacy-container\" style=\"--awb-caption-title-font-family:var(--h2_typography-font-family);--awb-caption-title-font-weight:var(--h2_typography-font-weight);--awb-caption-title-font-style:var(--h2_typography-font-style);--awb-caption-title-size:var(--h2_typography-font-size);--awb-caption-title-transform:var(--h2_typography-text-transform);--awb-caption-title-line-height:var(--h2_typography-line-height);--awb-caption-title-letter-spacing:var(--h2_typography-letter-spacing);\"><span class=\" fusion-imageframe imageframe-none imageframe-4 hover-type-none\"><img decoding=\"async\" width=\"960\" height=\"960\" title=\"4.Esencia-BonAmb\" src=\"https:\/\/bonamb.com\/wp-content\/uploads\/2017\/03\/4.Esencia-BonAmb.jpg\" alt class=\"img-responsive wp-image-2225\" srcset=\"https:\/\/bonamb.com\/wp-content\/uploads\/2017\/03\/4.Esencia-BonAmb-200x200.jpg 200w, https:\/\/bonamb.com\/wp-content\/uploads\/2017\/03\/4.Esencia-BonAmb-400x400.jpg 400w, https:\/\/bonamb.com\/wp-content\/uploads\/2017\/03\/4.Esencia-BonAmb-600x600.jpg 600w, https:\/\/bonamb.com\/wp-content\/uploads\/2017\/03\/4.Esencia-BonAmb-800x800.jpg 800w, https:\/\/bonamb.com\/wp-content\/uploads\/2017\/03\/4.Esencia-BonAmb.jpg 960w\" sizes=\"(max-width: 800px) 100vw, 800px\" \/><\/span><\/div><div class=\"fusion-clearfix\"><\/div><\/div><\/div><\/div><\/div><div class=\"fusion-fullwidth fullwidth-box fusion-builder-row-6 hundred-percent-fullwidth non-hundred-percent-height-scrolling fusion-equal-height-columns\" style=\"--awb-background-position:left top;--awb-border-radius-top-left:0px;--awb-border-radius-top-right:0px;--awb-border-radius-bottom-right:0px;--awb-border-radius-bottom-left:0px;--awb-padding-top:0px;--awb-padding-right:0px;--awb-padding-bottom:0px;--awb-padding-left:0px;--awb-border-sizes-top:0px;--awb-border-sizes-bottom:0px;--awb-flex-wrap:wrap;\" ><div class=\"fusion-builder-row fusion-row\"><div class=\"fusion-layout-column fusion_builder_column fusion-builder-column-8 fusion_builder_column_1_2 1_2 fusion-one-half fusion-column-first fusion-column-no-min-height\" style=\"--awb-bg-size:cover;--awb-margin-bottom:0px;width:50%;width:calc(50% - ( ( 0% ) * 0.5 ) );margin-right: 0%;\"><div class=\"fusion-column-wrapper fusion-flex-column-wrapper-legacy\"><div class=\"fusion-image-element in-legacy-container\" style=\"--awb-caption-title-font-family:var(--h2_typography-font-family);--awb-caption-title-font-weight:var(--h2_typography-font-weight);--awb-caption-title-font-style:var(--h2_typography-font-style);--awb-caption-title-size:var(--h2_typography-font-size);--awb-caption-title-transform:var(--h2_typography-text-transform);--awb-caption-title-line-height:var(--h2_typography-line-height);--awb-caption-title-letter-spacing:var(--h2_typography-letter-spacing);\"><span class=\" fusion-imageframe imageframe-none imageframe-5 hover-type-none\"><img decoding=\"async\" width=\"960\" height=\"960\" title=\"5.Esencia-BonAmb\" src=\"https:\/\/bonamb.com\/wp-content\/uploads\/2017\/03\/5.Esencia-BonAmb.jpg\" alt class=\"img-responsive wp-image-2227\" srcset=\"https:\/\/bonamb.com\/wp-content\/uploads\/2017\/03\/5.Esencia-BonAmb-200x200.jpg 200w, https:\/\/bonamb.com\/wp-content\/uploads\/2017\/03\/5.Esencia-BonAmb-400x400.jpg 400w, https:\/\/bonamb.com\/wp-content\/uploads\/2017\/03\/5.Esencia-BonAmb-600x600.jpg 600w, https:\/\/bonamb.com\/wp-content\/uploads\/2017\/03\/5.Esencia-BonAmb-800x800.jpg 800w, https:\/\/bonamb.com\/wp-content\/uploads\/2017\/03\/5.Esencia-BonAmb.jpg 960w\" sizes=\"(max-width: 800px) 100vw, 800px\" \/><\/span><\/div><div class=\"fusion-clearfix\"><\/div><\/div><\/div><div class=\"fusion-layout-column fusion_builder_column fusion-builder-column-9 fusion_builder_column_1_2 1_2 fusion-one-half fusion-column-last fusion-column-no-min-height\" style=\"--awb-padding-top:50px;--awb-padding-right:50px;--awb-padding-bottom:50px;--awb-padding-left:50px;--awb-bg-size:cover;--awb-margin-top:200px;--awb-margin-bottom:0px;width:50%;width:calc(50% - ( ( 0% ) * 0.5 ) );\"><div class=\"fusion-column-wrapper fusion-flex-column-wrapper-legacy\"><div class=\"fusion-text fusion-text-5\"><p>Het noordelijke deel van de provincie Alicante is \u00e9\u00e9n van de mooiste berggebieden van het land. Het biedt een vari\u00ebteit aan hoogwaardige producten, die een belangrijke bijdrage leveren aan hetgeen wij onze gasten mogen bieden. Onze keuken is geen keuken met maar \u00e9\u00e9n creatieve kok, omdat alle teamleden uit de keuken dagelijks hun steentje bijdragen aan de voortdurende ontwikkeling van onze schotels. Al onze groenten en fruit wordt op een milieuvriendelijke manier geteeld en duurzaam geleverd.<\/p>\n<\/div><div class=\"fusion-clearfix\"><\/div><\/div><\/div><\/div><\/div><div class=\"fusion-fullwidth fullwidth-box fusion-builder-row-7 hundred-percent-fullwidth non-hundred-percent-height-scrolling\" style=\"--awb-border-radius-top-left:0px;--awb-border-radius-top-right:0px;--awb-border-radius-bottom-right:0px;--awb-border-radius-bottom-left:0px;--awb-overflow:visible;--awb-padding-right:0px;--awb-padding-left:0px;--awb-flex-wrap:wrap;\" ><div class=\"fusion-builder-row fusion-row\"><div class=\"fusion-layout-column fusion_builder_column fusion-builder-column-10 fusion_builder_column_1_1 1_1 fusion-one-full fusion-column-first fusion-column-last\" style=\"--awb-padding-top:40px;--awb-padding-right:40px;--awb-padding-bottom:40px;--awb-padding-left:40px;--awb-bg-size:cover;--awb-margin-bottom:-8px;\"><div class=\"fusion-column-wrapper fusion-flex-column-wrapper-legacy\"><div class=\"fusion-text fusion-text-6\"><p>De Middellandse Zee en de lokale leveranciers leveren ons de meest fantastische producten die op lokale veilingen worden gekocht. Vele andere elementen waar wij dagelijks mee werken worden op ambachtelijke wijze geproduceerd door ambachtslieden uit J\u00e1vea en omstreken, zoals aardewerk dat speciaal voor BonAmb wordt gemaakt, of smeedwerk en houtwerk ter decoratie van de zaal.<\/p>\n<\/div><div class=\"fusion-clearfix\"><\/div><\/div><\/div><\/div><\/div><div class=\"fusion-fullwidth fullwidth-box fusion-builder-row-8 hundred-percent-fullwidth non-hundred-percent-height-scrolling\" style=\"--awb-background-position:left top;--awb-border-radius-top-left:0px;--awb-border-radius-top-right:0px;--awb-border-radius-bottom-right:0px;--awb-border-radius-bottom-left:0px;--awb-padding-top:0px;--awb-padding-right:0px;--awb-padding-bottom:0px;--awb-padding-left:0px;--awb-border-sizes-top:0px;--awb-border-sizes-bottom:0px;--awb-flex-wrap:wrap;\" ><div class=\"fusion-builder-row fusion-row\"><div class=\"fusion-layout-column fusion_builder_column fusion-builder-column-11 fusion_builder_column_1_1 1_1 fusion-one-full fusion-column-first fusion-column-last fusion-column-no-min-height\" style=\"--awb-bg-size:cover;--awb-margin-bottom:0px;\"><div class=\"fusion-column-wrapper fusion-flex-column-wrapper-legacy\"><div class=\"fusion-image-element in-legacy-container\" style=\"--awb-caption-title-font-family:var(--h2_typography-font-family);--awb-caption-title-font-weight:var(--h2_typography-font-weight);--awb-caption-title-font-style:var(--h2_typography-font-style);--awb-caption-title-size:var(--h2_typography-font-size);--awb-caption-title-transform:var(--h2_typography-text-transform);--awb-caption-title-line-height:var(--h2_typography-line-height);--awb-caption-title-letter-spacing:var(--h2_typography-letter-spacing);\"><span class=\" fusion-imageframe imageframe-none imageframe-6 hover-type-none\"><img decoding=\"async\" width=\"1920\" height=\"846\" title=\"6.Esencia-BonAmb\" src=\"https:\/\/bonamb.com\/wp-content\/uploads\/2017\/03\/6.Esencia-BonAmb.jpg\" alt class=\"img-responsive wp-image-2229\" srcset=\"https:\/\/bonamb.com\/wp-content\/uploads\/2017\/03\/6.Esencia-BonAmb-200x88.jpg 200w, https:\/\/bonamb.com\/wp-content\/uploads\/2017\/03\/6.Esencia-BonAmb-400x176.jpg 400w, https:\/\/bonamb.com\/wp-content\/uploads\/2017\/03\/6.Esencia-BonAmb-600x264.jpg 600w, https:\/\/bonamb.com\/wp-content\/uploads\/2017\/03\/6.Esencia-BonAmb-800x353.jpg 800w, https:\/\/bonamb.com\/wp-content\/uploads\/2017\/03\/6.Esencia-BonAmb-1200x529.jpg 1200w, https:\/\/bonamb.com\/wp-content\/uploads\/2017\/03\/6.Esencia-BonAmb.jpg 1920w\" sizes=\"(max-width: 800px) 100vw, 1920px\" \/><\/span><\/div><div class=\"fusion-clearfix\"><\/div><\/div><\/div><\/div><\/div><\/p>\n","protected":false},"excerpt":{"rendered":"","protected":false},"author":1,"featured_media":0,"parent":0,"menu_order":0,"comment_status":"closed","ping_status":"closed","template":"100-width.php","meta":{"footnotes":""},"class_list":["post-314","page","type-page","status-publish","hentry"],"_links":{"self":[{"href":"https:\/\/bonamb.com\/nl\/wp-json\/wp\/v2\/pages\/314","targetHints":{"allow":["GET"]}}],"collection":[{"href":"https:\/\/bonamb.com\/nl\/wp-json\/wp\/v2\/pages"}],"about":[{"href":"https:\/\/bonamb.com\/nl\/wp-json\/wp\/v2\/types\/page"}],"author":[{"embeddable":true,"href":"https:\/\/bonamb.com\/nl\/wp-json\/wp\/v2\/users\/1"}],"replies":[{"embeddable":true,"href":"https:\/\/bonamb.com\/nl\/wp-json\/wp\/v2\/comments?post=314"}],"version-history":[{"count":10,"href":"https:\/\/bonamb.com\/nl\/wp-json\/wp\/v2\/pages\/314\/revisions"}],"predecessor-version":[{"id":1543,"href":"https:\/\/bonamb.com\/nl\/wp-json\/wp\/v2\/pages\/314\/revisions\/1543"}],"wp:attachment":[{"href":"https:\/\/bonamb.com\/nl\/wp-json\/wp\/v2\/media?parent=314"}],"curies":[{"name":"wp","href":"https:\/\/api.w.org\/{rel}","templated":true}]}}