{"id":316,"date":"2016-02-12T19:16:42","date_gmt":"2016-02-12T19:16:42","guid":{"rendered":"http:\/\/bonamb.com\/nl\/de-wortels\/alberto-ferruz\/"},"modified":"2017-03-14T22:08:05","modified_gmt":"2017-03-14T22:08:05","slug":"alberto-ferruz","status":"publish","type":"page","link":"https:\/\/bonamb.com\/nl\/de-wortels\/alberto-ferruz\/","title":{"rendered":"Alberto Ferruz"},"content":{"rendered":"<p><div class=\"fusion-fullwidth fullwidth-box fusion-builder-row-1 hundred-percent-fullwidth non-hundred-percent-height-scrolling\" style=\"--awb-background-position:left top;--awb-border-radius-top-left:0px;--awb-border-radius-top-right:0px;--awb-border-radius-bottom-right:0px;--awb-border-radius-bottom-left:0px;--awb-padding-top:0px;--awb-padding-right:0px;--awb-padding-bottom:0px;--awb-padding-left:0px;--awb-border-sizes-top:0px;--awb-border-sizes-bottom:0px;--awb-flex-wrap:wrap;\" ><div class=\"fusion-builder-row fusion-row\"><div class=\"fusion-layout-column fusion_builder_column fusion-builder-column-0 fusion_builder_column_1_1 1_1 fusion-one-full fusion-column-first fusion-column-last\" style=\"--awb-bg-size:cover;--awb-margin-bottom:0px;\"><div class=\"fusion-column-wrapper fusion-flex-column-wrapper-legacy\"><div class=\"fusion-column-content-centered\"><div class=\"fusion-column-content\"><div class=\"fusion-image-element in-legacy-container\" style=\"--awb-caption-title-font-family:var(--h2_typography-font-family);--awb-caption-title-font-weight:var(--h2_typography-font-weight);--awb-caption-title-font-style:var(--h2_typography-font-style);--awb-caption-title-size:var(--h2_typography-font-size);--awb-caption-title-transform:var(--h2_typography-text-transform);--awb-caption-title-line-height:var(--h2_typography-line-height);--awb-caption-title-letter-spacing:var(--h2_typography-letter-spacing);\"><span class=\" fusion-imageframe imageframe-none imageframe-1 hover-type-none\"><img decoding=\"async\" width=\"1920\" height=\"923\" title=\"1.Alberto-Ferruz-BonAmb\" src=\"https:\/\/bonamb.com\/wp-content\/uploads\/2017\/03\/1.Alberto-Ferruz-BonAmb.jpg\" alt class=\"img-responsive wp-image-2191\" srcset=\"https:\/\/bonamb.com\/wp-content\/uploads\/2017\/03\/1.Alberto-Ferruz-BonAmb-200x96.jpg 200w, https:\/\/bonamb.com\/wp-content\/uploads\/2017\/03\/1.Alberto-Ferruz-BonAmb-400x192.jpg 400w, https:\/\/bonamb.com\/wp-content\/uploads\/2017\/03\/1.Alberto-Ferruz-BonAmb-600x288.jpg 600w, https:\/\/bonamb.com\/wp-content\/uploads\/2017\/03\/1.Alberto-Ferruz-BonAmb-800x385.jpg 800w, https:\/\/bonamb.com\/wp-content\/uploads\/2017\/03\/1.Alberto-Ferruz-BonAmb-1200x577.jpg 1200w, https:\/\/bonamb.com\/wp-content\/uploads\/2017\/03\/1.Alberto-Ferruz-BonAmb.jpg 1920w\" sizes=\"(max-width: 800px) 100vw, 1920px\" \/><\/span><\/div><\/div><\/div><div class=\"fusion-clearfix\"><\/div><\/div><\/div><\/div><\/div><div class=\"fusion-fullwidth fullwidth-box fusion-builder-row-2 hundred-percent-fullwidth non-hundred-percent-height-scrolling\" style=\"--awb-background-position:left top;--awb-border-radius-top-left:0px;--awb-border-radius-top-right:0px;--awb-border-radius-bottom-right:0px;--awb-border-radius-bottom-left:0px;--awb-padding-top:0px;--awb-padding-right:0px;--awb-padding-bottom:0px;--awb-padding-left:0px;--awb-border-sizes-top:0px;--awb-border-sizes-bottom:0px;--awb-flex-wrap:wrap;\" ><div class=\"fusion-builder-row fusion-row\"><div class=\"fusion-layout-column fusion_builder_column fusion-builder-column-1 fusion_builder_column_1_1 1_1 fusion-one-full fusion-column-first fusion-column-last\" style=\"--awb-padding-top:40px;--awb-padding-right:40px;--awb-padding-bottom:40px;--awb-padding-left:40px;--awb-bg-size:cover;--awb-margin-bottom:0px;\"><div class=\"fusion-column-wrapper fusion-flex-column-wrapper-legacy\"><div class=\"fusion-column-content-centered\"><div class=\"fusion-column-content\"><div class=\"fusion-text fusion-text-1\"><p>Alberto Ferruz is een van de twee pijlers waarop BonAmb berust. Met hem aan het roer in de keuken hebben zowel hij als het restaurant in slechts vijf jaar tijd twee belangrijke erkenningen ontvangen, te weten twee Michelin-sterren en twee Repsol zonnen.<\/p>\n<\/div><\/div><\/div><div class=\"fusion-clearfix\"><\/div><\/div><\/div><\/div><\/div><div class=\"fusion-fullwidth fullwidth-box fusion-builder-row-3 hundred-percent-fullwidth non-hundred-percent-height-scrolling fusion-equal-height-columns\" style=\"--awb-background-position:left top;--awb-border-radius-top-left:0px;--awb-border-radius-top-right:0px;--awb-border-radius-bottom-right:0px;--awb-border-radius-bottom-left:0px;--awb-padding-top:0px;--awb-padding-right:0px;--awb-padding-bottom:0px;--awb-padding-left:0px;--awb-border-sizes-top:0px;--awb-border-sizes-bottom:0px;--awb-flex-wrap:wrap;\" ><div class=\"fusion-builder-row fusion-row\"><div class=\"fusion-layout-column fusion_builder_column fusion-builder-column-2 fusion_builder_column_1_2 1_2 fusion-one-half fusion-column-first\" style=\"--awb-bg-size:cover;--awb-margin-bottom:0px;width:50%;width:calc(50% - ( ( 0% ) * 0.5 ) );margin-right: 0%;\"><div class=\"fusion-column-wrapper fusion-flex-column-wrapper-legacy\"><div class=\"fusion-column-content-centered\"><div class=\"fusion-column-content\"><div class=\"fusion-image-element in-legacy-container\" style=\"--awb-caption-title-font-family:var(--h2_typography-font-family);--awb-caption-title-font-weight:var(--h2_typography-font-weight);--awb-caption-title-font-style:var(--h2_typography-font-style);--awb-caption-title-size:var(--h2_typography-font-size);--awb-caption-title-transform:var(--h2_typography-text-transform);--awb-caption-title-line-height:var(--h2_typography-line-height);--awb-caption-title-letter-spacing:var(--h2_typography-letter-spacing);\"><span class=\" fusion-imageframe imageframe-none imageframe-2 hover-type-none\"><img decoding=\"async\" width=\"960\" height=\"960\" title=\"2.Alberto-Ferruz-BonAmb\" src=\"https:\/\/bonamb.com\/wp-content\/uploads\/2017\/03\/2.Alberto-Ferruz-BonAmb.jpg\" alt class=\"img-responsive wp-image-2193\" srcset=\"https:\/\/bonamb.com\/wp-content\/uploads\/2017\/03\/2.Alberto-Ferruz-BonAmb-200x200.jpg 200w, https:\/\/bonamb.com\/wp-content\/uploads\/2017\/03\/2.Alberto-Ferruz-BonAmb-400x400.jpg 400w, https:\/\/bonamb.com\/wp-content\/uploads\/2017\/03\/2.Alberto-Ferruz-BonAmb-600x600.jpg 600w, https:\/\/bonamb.com\/wp-content\/uploads\/2017\/03\/2.Alberto-Ferruz-BonAmb-800x800.jpg 800w, https:\/\/bonamb.com\/wp-content\/uploads\/2017\/03\/2.Alberto-Ferruz-BonAmb.jpg 960w\" sizes=\"(max-width: 800px) 100vw, 800px\" \/><\/span><\/div><\/div><\/div><div class=\"fusion-clearfix\"><\/div><\/div><\/div><div class=\"fusion-layout-column fusion_builder_column fusion-builder-column-3 fusion_builder_column_1_2 1_2 fusion-one-half fusion-column-last\" style=\"--awb-padding-right:40px;--awb-padding-left:40px;--awb-bg-size:cover;--awb-margin-bottom:0px;width:50%;width:calc(50% - ( ( 0% ) * 0.5 ) );\"><div class=\"fusion-column-wrapper fusion-flex-column-wrapper-legacy\"><div class=\"fusion-column-content-centered\"><div class=\"fusion-column-content\"><div class=\"fusion-text fusion-text-2\"><p>Alberto Ferruz Moraleda werd op 1 juni 1984 geboren in Cari\u00f1ena in de provincie Zaragoza. Het Spaanse gezegde \u2018hij groeide op tussen de fornuizen\u2019 is in Alberto\u2019s geval absoluut van toepassing, want toen hij pas 12 jaar was, werkte hij al in het restaurant van zijn oom, \u2018La Bodega\u2019. Alberto vond hier zijn roeping wat ertoe leidde dat hij een opleiding horeca ging volgen aan het IES van Miralbueno in de hoofdstad Zaragoza.<\/p>\n<p>De rusteloosheid in Alberto deed hem al na korte tijd besluiten om zijn geboortegrond te verlaten en drie jaar te ervaring op te gaan doen bij Martin Berasategui, \u00e9\u00e9n van de beste chef-koks van Spanje. Hier leerde hij vele nieuwe en boeiende zaken. In het verlangen om steeds verder te ontwikkelen, vertrok hij na afloop van deze drie jaar naar Parijs om daar meer dan twee jaar in het prestigieuze Parijse restaurant \u2018Taillevent\u2019 te werken.<\/p>\n<\/div><\/div><\/div><div class=\"fusion-clearfix\"><\/div><\/div><\/div><\/div><\/div><div class=\"fusion-fullwidth fullwidth-box fusion-builder-row-4 hundred-percent-fullwidth non-hundred-percent-height-scrolling fusion-equal-height-columns\" style=\"--awb-background-position:left top;--awb-border-radius-top-left:0px;--awb-border-radius-top-right:0px;--awb-border-radius-bottom-right:0px;--awb-border-radius-bottom-left:0px;--awb-padding-top:0px;--awb-padding-right:0px;--awb-padding-bottom:0px;--awb-padding-left:0px;--awb-border-sizes-top:0px;--awb-border-sizes-bottom:0px;--awb-flex-wrap:wrap;\" ><div class=\"fusion-builder-row fusion-row\"><div class=\"fusion-layout-column fusion_builder_column fusion-builder-column-4 fusion_builder_column_1_2 1_2 fusion-one-half fusion-column-first\" style=\"--awb-padding-right:40px;--awb-padding-left:40px;--awb-bg-size:cover;--awb-margin-bottom:0px;width:50%;width:calc(50% - ( ( 0% ) * 0.5 ) );margin-right: 0%;\"><div class=\"fusion-column-wrapper fusion-flex-column-wrapper-legacy\"><div class=\"fusion-column-content-centered\"><div class=\"fusion-column-content\"><div class=\"fusion-text fusion-text-3\"><p>E\u00e9n keer terug in Spanje werkte Alberto gedurende \u00e9\u00e9n seizoen met chef-kok Quique Dacosta. Quique Dacosta was met slechts 23 jaar chef-kok van het gastronomische restaurant van het Marriott hotel in D\u00e9nia en al op d\u00ede jonge leeftijd, vertegenwoordigde hij de keuken van de provincie Alicante tijdens het prestigieuze \u2018Lo Mejor de la gastronom\u00eda de San Sebasti\u00e1n\u2019 (Het Beste van de gastronomie van San Sebasti\u00e1n).<\/p>\n<p>Na het seizoen waarin Alberto met Quique Dacosta werkte, begon zijn avontuur met BonAmb.<\/p>\n<p>Samen met Restaurant BonAmb is Alberto enorm gegroeid in zijn kunnen wat heeft geleid tot grote successen. Al kort na de opening werd hij uitgenodigd om te koken tijdens het door de Gu\u00eda Repsol gesponsorde culinaire evenement \u2018Millesime Madrid\u2019 als \u00e9\u00e9n van de jonge beloften van de nationale keuken. Een paar maanden later werd hij gevraagd als spreker bij de presentatie van het Jaarboek van de Keuken van de Comunidad Valenciana samen met de grote Joan Roca van \u2018El Celler\u2019 uit Can Roca (toentertijd genomineerd tot beste restaurant ter wereld).<\/p>\n<\/div><\/div><\/div><div class=\"fusion-clearfix\"><\/div><\/div><\/div><div class=\"fusion-layout-column fusion_builder_column fusion-builder-column-5 fusion_builder_column_1_2 1_2 fusion-one-half fusion-column-last\" style=\"--awb-bg-size:cover;--awb-margin-bottom:0px;width:50%;width:calc(50% - ( ( 0% ) * 0.5 ) );\"><div class=\"fusion-column-wrapper fusion-flex-column-wrapper-legacy\"><div class=\"fusion-column-content-centered\"><div class=\"fusion-column-content\"><div class=\"fusion-image-element in-legacy-container\" style=\"--awb-caption-title-font-family:var(--h2_typography-font-family);--awb-caption-title-font-weight:var(--h2_typography-font-weight);--awb-caption-title-font-style:var(--h2_typography-font-style);--awb-caption-title-size:var(--h2_typography-font-size);--awb-caption-title-transform:var(--h2_typography-text-transform);--awb-caption-title-line-height:var(--h2_typography-line-height);--awb-caption-title-letter-spacing:var(--h2_typography-letter-spacing);\"><span class=\" fusion-imageframe imageframe-none imageframe-3 hover-type-none\"><img decoding=\"async\" width=\"960\" height=\"960\" title=\"3.Alberto-Ferruz-BonAmb\" src=\"https:\/\/bonamb.com\/wp-content\/uploads\/2017\/03\/3.Alberto-Ferruz-BonAmb.jpg\" alt class=\"img-responsive wp-image-2195\" srcset=\"https:\/\/bonamb.com\/wp-content\/uploads\/2017\/03\/3.Alberto-Ferruz-BonAmb-200x200.jpg 200w, https:\/\/bonamb.com\/wp-content\/uploads\/2017\/03\/3.Alberto-Ferruz-BonAmb-400x400.jpg 400w, https:\/\/bonamb.com\/wp-content\/uploads\/2017\/03\/3.Alberto-Ferruz-BonAmb-600x600.jpg 600w, https:\/\/bonamb.com\/wp-content\/uploads\/2017\/03\/3.Alberto-Ferruz-BonAmb-800x800.jpg 800w, https:\/\/bonamb.com\/wp-content\/uploads\/2017\/03\/3.Alberto-Ferruz-BonAmb.jpg 960w\" sizes=\"(max-width: 800px) 100vw, 800px\" \/><\/span><\/div><\/div><\/div><div class=\"fusion-clearfix\"><\/div><\/div><\/div><\/div><\/div><div class=\"fusion-fullwidth fullwidth-box fusion-builder-row-5 hundred-percent-fullwidth non-hundred-percent-height-scrolling fusion-equal-height-columns\" style=\"--awb-background-position:left top;--awb-border-radius-top-left:0px;--awb-border-radius-top-right:0px;--awb-border-radius-bottom-right:0px;--awb-border-radius-bottom-left:0px;--awb-padding-top:0px;--awb-padding-right:0px;--awb-padding-bottom:0px;--awb-padding-left:0px;--awb-border-sizes-top:0px;--awb-border-sizes-bottom:0px;--awb-flex-wrap:wrap;\" ><div class=\"fusion-builder-row fusion-row\"><div class=\"fusion-layout-column fusion_builder_column fusion-builder-column-6 fusion_builder_column_1_2 1_2 fusion-one-half fusion-column-first\" style=\"--awb-bg-size:cover;--awb-margin-bottom:0px;width:50%;width:calc(50% - ( ( 0% ) * 0.5 ) );margin-right: 0%;\"><div class=\"fusion-column-wrapper fusion-flex-column-wrapper-legacy\"><div class=\"fusion-column-content-centered\"><div class=\"fusion-column-content\"><div class=\"fusion-image-element in-legacy-container\" style=\"--awb-caption-title-font-family:var(--h2_typography-font-family);--awb-caption-title-font-weight:var(--h2_typography-font-weight);--awb-caption-title-font-style:var(--h2_typography-font-style);--awb-caption-title-size:var(--h2_typography-font-size);--awb-caption-title-transform:var(--h2_typography-text-transform);--awb-caption-title-line-height:var(--h2_typography-line-height);--awb-caption-title-letter-spacing:var(--h2_typography-letter-spacing);\"><span class=\" fusion-imageframe imageframe-none imageframe-4 hover-type-none\"><img decoding=\"async\" width=\"960\" height=\"960\" title=\"4.Alberto-Ferruz-BonAmb\" src=\"https:\/\/bonamb.com\/wp-content\/uploads\/2017\/03\/4.Alberto-Ferruz-BonAmb.jpg\" alt class=\"img-responsive wp-image-2197\" srcset=\"https:\/\/bonamb.com\/wp-content\/uploads\/2017\/03\/4.Alberto-Ferruz-BonAmb-200x200.jpg 200w, https:\/\/bonamb.com\/wp-content\/uploads\/2017\/03\/4.Alberto-Ferruz-BonAmb-400x400.jpg 400w, https:\/\/bonamb.com\/wp-content\/uploads\/2017\/03\/4.Alberto-Ferruz-BonAmb-600x600.jpg 600w, https:\/\/bonamb.com\/wp-content\/uploads\/2017\/03\/4.Alberto-Ferruz-BonAmb-800x800.jpg 800w, https:\/\/bonamb.com\/wp-content\/uploads\/2017\/03\/4.Alberto-Ferruz-BonAmb.jpg 960w\" sizes=\"(max-width: 800px) 100vw, 800px\" \/><\/span><\/div><\/div><\/div><div class=\"fusion-clearfix\"><\/div><\/div><\/div><div class=\"fusion-layout-column fusion_builder_column fusion-builder-column-7 fusion_builder_column_1_2 1_2 fusion-one-half fusion-column-last\" style=\"--awb-padding-right:40px;--awb-padding-left:40px;--awb-bg-size:cover;--awb-margin-bottom:0px;width:50%;width:calc(50% - ( ( 0% ) * 0.5 ) );\"><div class=\"fusion-column-wrapper fusion-flex-column-wrapper-legacy\"><div class=\"fusion-column-content-centered\"><div class=\"fusion-column-content\"><div class=\"fusion-text fusion-text-4\"><p>Alberto Ferruz ging voort op het pad van de zelfontplooiing en innovatie in zijn werk. Dit leidde tot het resultaat dat hij in 2013, twee jaar na opening, werd beloond met een Michelin-ster en een Zon van Repsol in hun respectievelijke gidsen van 2014. Deze erkenningen plaatsten Alberto en Restaurant BonAmb op de kaart binnen de Valenciaanse en nationale gastronomie. Het was het startsein voor de vele mooie dingen die zouden volgen, bijvoorbeeld uitnodigingen voor evenementen en presentaties als: \u2018Gastro Alicante\u2019, \u2018Gastr\u00f3noma Valencia\u2019 of \u2018Millesime Madrid\u2019.<\/p>\n<p>Dankzij de dagelijkse inspanningen van het gehele team, hebben Restaurant BonAmb en Alberto Ferruz belangrijke successen geboekt in 2015, zoals het behouden van de Michelin-ster, het verkrijgen van de tweede Zon in de Gu\u00eda Repsol en de award voor Beste Chef van het Jaar 2015, uitgereikt door de \u2018Academia de la Gastronom\u00eda de la Comunidad Valenciana\u2019.<\/p>\n<\/div><\/div><\/div><div class=\"fusion-clearfix\"><\/div><\/div><\/div><\/div><\/div><div class=\"fusion-fullwidth fullwidth-box fusion-builder-row-6 hundred-percent-fullwidth non-hundred-percent-height-scrolling\" style=\"--awb-background-position:left top;--awb-border-radius-top-left:0px;--awb-border-radius-top-right:0px;--awb-border-radius-bottom-right:0px;--awb-border-radius-bottom-left:0px;--awb-padding-top:0px;--awb-padding-right:0px;--awb-padding-bottom:0px;--awb-padding-left:0px;--awb-border-sizes-top:0px;--awb-border-sizes-bottom:0px;--awb-flex-wrap:wrap;\" ><div class=\"fusion-builder-row fusion-row\"><div class=\"fusion-layout-column fusion_builder_column fusion-builder-column-8 fusion_builder_column_1_1 1_1 fusion-one-full fusion-column-first fusion-column-last\" style=\"--awb-padding-top:40px;--awb-padding-right:40px;--awb-padding-bottom:40px;--awb-padding-left:40px;--awb-bg-size:cover;--awb-margin-bottom:0px;\"><div class=\"fusion-column-wrapper fusion-flex-column-wrapper-legacy\"><div class=\"fusion-column-content-centered\"><div class=\"fusion-column-content\"><div class=\"fusion-text fusion-text-5\"><p>Tenslotte werd 2016 een onvergetelijk jaar waarin Michelin op 23 november Alberto en BonAmb binnen vijf jaar na opening hun tweede Michelin-ster toekende.<\/p>\n<\/div><\/div><\/div><div class=\"fusion-clearfix\"><\/div><\/div><\/div><\/div><\/div><div class=\"fusion-fullwidth fullwidth-box fusion-builder-row-7 hundred-percent-fullwidth non-hundred-percent-height-scrolling\" style=\"--awb-background-position:left top;--awb-border-radius-top-left:0px;--awb-border-radius-top-right:0px;--awb-border-radius-bottom-right:0px;--awb-border-radius-bottom-left:0px;--awb-padding-top:0px;--awb-padding-right:0px;--awb-padding-bottom:0px;--awb-padding-left:0px;--awb-border-sizes-top:0px;--awb-border-sizes-bottom:0px;--awb-flex-wrap:wrap;\" ><div class=\"fusion-builder-row fusion-row\"><div class=\"fusion-layout-column fusion_builder_column fusion-builder-column-9 fusion_builder_column_1_1 1_1 fusion-one-full fusion-column-first fusion-column-last\" style=\"--awb-bg-size:cover;--awb-margin-bottom:0px;\"><div class=\"fusion-column-wrapper fusion-flex-column-wrapper-legacy\"><div class=\"fusion-column-content-centered\"><div class=\"fusion-column-content\"><div class=\"fusion-image-element in-legacy-container\" style=\"--awb-caption-title-font-family:var(--h2_typography-font-family);--awb-caption-title-font-weight:var(--h2_typography-font-weight);--awb-caption-title-font-style:var(--h2_typography-font-style);--awb-caption-title-size:var(--h2_typography-font-size);--awb-caption-title-transform:var(--h2_typography-text-transform);--awb-caption-title-line-height:var(--h2_typography-line-height);--awb-caption-title-letter-spacing:var(--h2_typography-letter-spacing);\"><span class=\" fusion-imageframe imageframe-none imageframe-5 hover-type-none\"><img decoding=\"async\" width=\"1920\" height=\"768\" title=\"5.Alberto-Ferruz-BonAmb\" src=\"https:\/\/bonamb.com\/wp-content\/uploads\/2017\/03\/5.Alberto-Ferruz-BonAmb.jpg\" alt class=\"img-responsive wp-image-2199\" srcset=\"https:\/\/bonamb.com\/wp-content\/uploads\/2017\/03\/5.Alberto-Ferruz-BonAmb-200x80.jpg 200w, https:\/\/bonamb.com\/wp-content\/uploads\/2017\/03\/5.Alberto-Ferruz-BonAmb-400x160.jpg 400w, https:\/\/bonamb.com\/wp-content\/uploads\/2017\/03\/5.Alberto-Ferruz-BonAmb-600x240.jpg 600w, https:\/\/bonamb.com\/wp-content\/uploads\/2017\/03\/5.Alberto-Ferruz-BonAmb-800x320.jpg 800w, https:\/\/bonamb.com\/wp-content\/uploads\/2017\/03\/5.Alberto-Ferruz-BonAmb-1200x480.jpg 1200w, https:\/\/bonamb.com\/wp-content\/uploads\/2017\/03\/5.Alberto-Ferruz-BonAmb.jpg 1920w\" sizes=\"(max-width: 800px) 100vw, 1920px\" \/><\/span><\/div><\/div><\/div><div class=\"fusion-clearfix\"><\/div><\/div><\/div><\/div><\/div><\/p>\n","protected":false},"excerpt":{"rendered":"","protected":false},"author":1,"featured_media":0,"parent":149,"menu_order":1,"comment_status":"closed","ping_status":"closed","template":"100-width.php","meta":{"footnotes":""},"class_list":["post-316","page","type-page","status-publish","hentry"],"_links":{"self":[{"href":"https:\/\/bonamb.com\/nl\/wp-json\/wp\/v2\/pages\/316","targetHints":{"allow":["GET"]}}],"collection":[{"href":"https:\/\/bonamb.com\/nl\/wp-json\/wp\/v2\/pages"}],"about":[{"href":"https:\/\/bonamb.com\/nl\/wp-json\/wp\/v2\/types\/page"}],"author":[{"embeddable":true,"href":"https:\/\/bonamb.com\/nl\/wp-json\/wp\/v2\/users\/1"}],"replies":[{"embeddable":true,"href":"https:\/\/bonamb.com\/nl\/wp-json\/wp\/v2\/comments?post=316"}],"version-history":[{"count":13,"href":"https:\/\/bonamb.com\/nl\/wp-json\/wp\/v2\/pages\/316\/revisions"}],"predecessor-version":[{"id":1230,"href":"https:\/\/bonamb.com\/nl\/wp-json\/wp\/v2\/pages\/316\/revisions\/1230"}],"up":[{"embeddable":true,"href":"https:\/\/bonamb.com\/nl\/wp-json\/wp\/v2\/pages\/149"}],"wp:attachment":[{"href":"https:\/\/bonamb.com\/nl\/wp-json\/wp\/v2\/media?parent=316"}],"curies":[{"name":"wp","href":"https:\/\/api.w.org\/{rel}","templated":true}]}}