{"id":888,"date":"2016-06-29T06:19:06","date_gmt":"2016-06-29T06:19:06","guid":{"rendered":"http:\/\/bonamb.com\/nl\/?page_id=888"},"modified":"2016-10-14T10:01:03","modified_gmt":"2016-10-14T10:01:03","slug":"de-bodega","status":"publish","type":"page","link":"https:\/\/bonamb.com\/nl\/de-bodega\/","title":{"rendered":"De Bodega"},"content":{"rendered":"<div class=\"fusion-fullwidth fullwidth-box fusion-builder-row-1 hundred-percent-fullwidth non-hundred-percent-height-scrolling\" style=\"--awb-border-radius-top-left:0px;--awb-border-radius-top-right:0px;--awb-border-radius-bottom-right:0px;--awb-border-radius-bottom-left:0px;--awb-overflow:visible;--awb-padding-right:0px;--awb-padding-left:0px;--awb-flex-wrap:wrap;\" ><div class=\"fusion-builder-row fusion-row\"><div class=\"fusion-layout-column fusion_builder_column fusion-builder-column-0 fusion_builder_column_1_1 1_1 fusion-one-full fusion-column-first fusion-column-last\" style=\"--awb-bg-size:cover;\"><div class=\"fusion-column-wrapper fusion-flex-column-wrapper-legacy\"><div class=\"fusion-image-element in-legacy-container\" style=\"--awb-caption-title-font-family:var(--h2_typography-font-family);--awb-caption-title-font-weight:var(--h2_typography-font-weight);--awb-caption-title-font-style:var(--h2_typography-font-style);--awb-caption-title-size:var(--h2_typography-font-size);--awb-caption-title-transform:var(--h2_typography-text-transform);--awb-caption-title-line-height:var(--h2_typography-line-height);--awb-caption-title-letter-spacing:var(--h2_typography-letter-spacing);\"><span class=\" fusion-imageframe imageframe-none imageframe-1 hover-type-none\"><img decoding=\"async\" width=\"2048\" height=\"779\" title=\"Vinos1\" src=\"https:\/\/bonamb.com\/wp-content\/uploads\/2016\/06\/Vinos1.jpg\" alt class=\"img-responsive wp-image-2169\" srcset=\"https:\/\/bonamb.com\/wp-content\/uploads\/2016\/06\/Vinos1-200x76.jpg 200w, https:\/\/bonamb.com\/wp-content\/uploads\/2016\/06\/Vinos1-400x152.jpg 400w, https:\/\/bonamb.com\/wp-content\/uploads\/2016\/06\/Vinos1-600x228.jpg 600w, https:\/\/bonamb.com\/wp-content\/uploads\/2016\/06\/Vinos1-800x304.jpg 800w, https:\/\/bonamb.com\/wp-content\/uploads\/2016\/06\/Vinos1-1200x456.jpg 1200w, https:\/\/bonamb.com\/wp-content\/uploads\/2016\/06\/Vinos1.jpg 2048w\" sizes=\"(max-width: 800px) 100vw, 2048px\" \/><\/span><\/div><div class=\"fusion-clearfix\"><\/div><\/div><\/div><div class=\"fusion-layout-column fusion_builder_column fusion-builder-column-1 fusion_builder_column_1_1 1_1 fusion-one-full fusion-column-first fusion-column-last\" style=\"--awb-padding-top:50px;--awb-padding-right:50px;--awb-padding-bottom:50px;--awb-padding-left:50px;--awb-bg-size:cover;--awb-margin-bottom:0px;\"><div class=\"fusion-column-wrapper fusion-flex-column-wrapper-legacy\"><div class=\"fusion-text fusion-text-1\"><p>In de jaren dat BonAmb actief is, hebben we altijd als doel gehad om onze gasten, naast een goede maaltijd, te laten genieten van mooie wijnen&#8230;<\/p>\n<\/div><div class=\"fusion-clearfix\"><\/div><\/div><\/div><div class=\"fusion-layout-column fusion_builder_column fusion-builder-column-2 fusion_builder_column_1_1 1_1 fusion-one-full fusion-column-first fusion-column-last\" style=\"--awb-bg-size:cover;\"><div class=\"fusion-column-wrapper fusion-flex-column-wrapper-legacy\"><div class=\"fusion-image-element in-legacy-container\" style=\"--awb-caption-title-font-family:var(--h2_typography-font-family);--awb-caption-title-font-weight:var(--h2_typography-font-weight);--awb-caption-title-font-style:var(--h2_typography-font-style);--awb-caption-title-size:var(--h2_typography-font-size);--awb-caption-title-transform:var(--h2_typography-text-transform);--awb-caption-title-line-height:var(--h2_typography-line-height);--awb-caption-title-letter-spacing:var(--h2_typography-letter-spacing);\"><span class=\" fusion-imageframe imageframe-none imageframe-2 hover-type-none\"><img decoding=\"async\" width=\"2025\" height=\"842\" title=\"Vinos2\" src=\"https:\/\/bonamb.com\/wp-content\/uploads\/2016\/06\/Vinos2.jpg\" alt class=\"img-responsive wp-image-2171\" srcset=\"https:\/\/bonamb.com\/wp-content\/uploads\/2016\/06\/Vinos2-200x83.jpg 200w, https:\/\/bonamb.com\/wp-content\/uploads\/2016\/06\/Vinos2-400x166.jpg 400w, https:\/\/bonamb.com\/wp-content\/uploads\/2016\/06\/Vinos2-600x249.jpg 600w, https:\/\/bonamb.com\/wp-content\/uploads\/2016\/06\/Vinos2-800x333.jpg 800w, https:\/\/bonamb.com\/wp-content\/uploads\/2016\/06\/Vinos2-1200x499.jpg 1200w, https:\/\/bonamb.com\/wp-content\/uploads\/2016\/06\/Vinos2.jpg 2025w\" sizes=\"(max-width: 800px) 100vw, 2025px\" \/><\/span><\/div><div class=\"fusion-clearfix\"><\/div><\/div><\/div><div class=\"fusion-layout-column fusion_builder_column fusion-builder-column-3 fusion_builder_column_1_1 1_1 fusion-one-full fusion-column-first fusion-column-last\" style=\"--awb-padding-top:50px;--awb-padding-right:50px;--awb-padding-bottom:50px;--awb-padding-left:50px;--awb-bg-size:cover;--awb-margin-bottom:0px;\"><div class=\"fusion-column-wrapper fusion-flex-column-wrapper-legacy\"><div class=\"fusion-text fusion-text-2\"><p>Tijdens de weg die wij als restaurant hebben doorlopen, is ons streven geweest onze gasten kennis te laten maken met zowel wijnen uit de regio, als met wijnen van nationaal en internationaal belang. Daarbij leggen we de nadruk op twee aspecten in het bijzonder: enerzijds de omgeving waarin wij ons bevinden en anderzijds haar gastronomie. We zijn ons heel erg bewust van de invloed die wijnen en gerechten op elkaar uitoefenen en we vinden het dan ook van wezenlijk belang dat deze twee elementen naadloos op elkaar aansluiten en &#8211; liever nog &#8211; versterken.<\/p>\n<p>Daarom hebben wij voor u een kaart samengesteld met voortreffelijke wijnen die op zichzelf staand al een genot zijn om uit te proberen, maar die ook perfect aansluiten op onze menu\u2019s. Dat u ervan moge genieten!<\/p>\n<\/div><div class=\"fusion-clearfix\"><\/div><\/div><\/div><div class=\"fusion-layout-column fusion_builder_column fusion-builder-column-4 fusion_builder_column_1_2 1_2 fusion-one-half fusion-column-first\" style=\"--awb-padding-top:50px;--awb-padding-right:50px;--awb-padding-bottom:50px;--awb-padding-left:50px;--awb-bg-size:cover;--awb-margin-top:250px;--awb-margin-bottom:0px;\"><div class=\"fusion-column-wrapper fusion-flex-column-wrapper-legacy\"><div class=\"fusion-text fusion-text-3\"><p><strong>Enrique Garc\u00eda Albelda<br \/>\n<\/strong>Onze\u00a0sommelier<\/p>\n<p>Enrique Garcia Albelda is geboren in de zeventiger jaren, tevens een uitstekende wijnperiode die het begin markeerde voor zijn uiteindelijke passie voor wijn.<\/p>\n<p>Enrique is opgeleid tot sommelier in 1991 aan het I.N.F.A.T.H (Instituto Nacional para Formaci\u00f3n de Actividades Tur\u00edsticas y Hosteleras, Nationaal Instituut voor de Opleiding van Toeristische- en Hotelactiviteiten), gevolgd door de Sommelieropleiding aan de C.D.T. om zich later te vestigen als Internationaal Sommelier aan de Hoge Hotelschool van Barcelona.<\/p>\n<p>Hij heeft veel kennis en ervaring opgedaan als Ma\u00eetre\/Sommelier in restaurants en hotels van faam, zoals de Swiss Hotel, Villa Mediterr\u00e1nea, Ca Pepe, Club N\u00e1utico Moraira, Castell de La Solana, El Pegol\u00ed, etc&#8230;<\/p>\n<\/div><div class=\"fusion-clearfix\"><\/div><\/div><\/div><div class=\"fusion-layout-column fusion_builder_column fusion-builder-column-5 fusion_builder_column_1_2 1_2 fusion-one-half fusion-column-last\" style=\"--awb-bg-size:cover;--awb-margin-bottom:0px;\"><div class=\"fusion-column-wrapper fusion-flex-column-wrapper-legacy\"><div class=\"fusion-image-element in-legacy-container\" style=\"--awb-caption-title-font-family:var(--h2_typography-font-family);--awb-caption-title-font-weight:var(--h2_typography-font-weight);--awb-caption-title-font-style:var(--h2_typography-font-style);--awb-caption-title-size:var(--h2_typography-font-size);--awb-caption-title-transform:var(--h2_typography-text-transform);--awb-caption-title-line-height:var(--h2_typography-line-height);--awb-caption-title-letter-spacing:var(--h2_typography-letter-spacing);\"><span class=\" fusion-imageframe imageframe-none imageframe-3 hover-type-none\"><img decoding=\"async\" width=\"981\" height=\"1252\" title=\"Enrique\" src=\"https:\/\/bonamb.com\/wp-content\/uploads\/2016\/06\/Enrique.jpg\" alt class=\"img-responsive wp-image-2167\" srcset=\"https:\/\/bonamb.com\/wp-content\/uploads\/2016\/06\/Enrique-200x255.jpg 200w, https:\/\/bonamb.com\/wp-content\/uploads\/2016\/06\/Enrique-400x510.jpg 400w, https:\/\/bonamb.com\/wp-content\/uploads\/2016\/06\/Enrique-600x766.jpg 600w, https:\/\/bonamb.com\/wp-content\/uploads\/2016\/06\/Enrique-800x1021.jpg 800w, https:\/\/bonamb.com\/wp-content\/uploads\/2016\/06\/Enrique.jpg 981w\" sizes=\"(max-width: 800px) 100vw, 800px\" \/><\/span><\/div><div class=\"fusion-clearfix\"><\/div><\/div><\/div><div class=\"fusion-layout-column fusion_builder_column fusion-builder-column-6 fusion_builder_column_1_2 1_2 fusion-one-half fusion-column-first\" style=\"--awb-bg-size:cover;--awb-margin-bottom:0px;\"><div class=\"fusion-column-wrapper fusion-flex-column-wrapper-legacy\"><div class=\"fusion-image-element in-legacy-container\" style=\"--awb-caption-title-font-family:var(--h2_typography-font-family);--awb-caption-title-font-weight:var(--h2_typography-font-weight);--awb-caption-title-font-style:var(--h2_typography-font-style);--awb-caption-title-size:var(--h2_typography-font-size);--awb-caption-title-transform:var(--h2_typography-text-transform);--awb-caption-title-line-height:var(--h2_typography-line-height);--awb-caption-title-letter-spacing:var(--h2_typography-letter-spacing);\"><span class=\" fusion-imageframe imageframe-none imageframe-4 hover-type-none\"><img decoding=\"async\" width=\"929\" height=\"980\" title=\"Vinos3\" src=\"https:\/\/bonamb.com\/wp-content\/uploads\/2016\/06\/Vinos3.jpg\" alt class=\"img-responsive wp-image-2165\" srcset=\"https:\/\/bonamb.com\/wp-content\/uploads\/2016\/06\/Vinos3-200x211.jpg 200w, https:\/\/bonamb.com\/wp-content\/uploads\/2016\/06\/Vinos3-400x422.jpg 400w, https:\/\/bonamb.com\/wp-content\/uploads\/2016\/06\/Vinos3-600x633.jpg 600w, https:\/\/bonamb.com\/wp-content\/uploads\/2016\/06\/Vinos3-800x844.jpg 800w, https:\/\/bonamb.com\/wp-content\/uploads\/2016\/06\/Vinos3.jpg 929w\" sizes=\"(max-width: 800px) 100vw, 800px\" \/><\/span><\/div><div class=\"fusion-clearfix\"><\/div><\/div><\/div><div class=\"fusion-layout-column fusion_builder_column fusion-builder-column-7 fusion_builder_column_1_2 1_2 fusion-one-half fusion-column-last\" style=\"--awb-padding-top:50px;--awb-padding-right:50px;--awb-padding-bottom:50px;--awb-padding-left:50px;--awb-bg-size:cover;--awb-margin-top:250px;--awb-margin-bottom:0px;\"><div class=\"fusion-column-wrapper fusion-flex-column-wrapper-legacy\"><div class=\"fusion-text fusion-text-4\"><p>Enrique is regelmatig jurylid en spreker bij diverse evenementen op het gebied van horeca, heeft professionele wijncursussen ontwikkeld en is adjunct-directeur van elsumiller.com, het bekende in wijn gespecialiseerde magazine.<\/p>\n<p>Hij is tevens auteur van &#8220;Una Comunidad en la Copa\u201d (Eenheid in het glas) en is medeauteur van diverse jaarboeken en gastronomische publicaties.<\/p>\n<p>Enriques passie is om de aroma&#8217;s en smaken in een glas te identificeren en te benoemen en hij heeft zich bij het team van Restaurant BonAmb aangesloten met als doel onze gasten mee te nemen naar en te laten genieten van de magische wereld van de wijn.<\/p>\n<\/div><div class=\"fusion-clearfix\"><\/div><\/div><\/div><\/div><\/div>\n","protected":false},"excerpt":{"rendered":"","protected":false},"author":1,"featured_media":0,"parent":0,"menu_order":0,"comment_status":"closed","ping_status":"closed","template":"100-width.php","meta":{"footnotes":""},"class_list":["post-888","page","type-page","status-publish","hentry"],"_links":{"self":[{"href":"https:\/\/bonamb.com\/nl\/wp-json\/wp\/v2\/pages\/888","targetHints":{"allow":["GET"]}}],"collection":[{"href":"https:\/\/bonamb.com\/nl\/wp-json\/wp\/v2\/pages"}],"about":[{"href":"https:\/\/bonamb.com\/nl\/wp-json\/wp\/v2\/types\/page"}],"author":[{"embeddable":true,"href":"https:\/\/bonamb.com\/nl\/wp-json\/wp\/v2\/users\/1"}],"replies":[{"embeddable":true,"href":"https:\/\/bonamb.com\/nl\/wp-json\/wp\/v2\/comments?post=888"}],"version-history":[{"count":4,"href":"https:\/\/bonamb.com\/nl\/wp-json\/wp\/v2\/pages\/888\/revisions"}],"predecessor-version":[{"id":979,"href":"https:\/\/bonamb.com\/nl\/wp-json\/wp\/v2\/pages\/888\/revisions\/979"}],"wp:attachment":[{"href":"https:\/\/bonamb.com\/nl\/wp-json\/wp\/v2\/media?parent=888"}],"curies":[{"name":"wp","href":"https:\/\/api.w.org\/{rel}","templated":true}]}}